{"id":3384,"date":"2025-09-02T21:02:16","date_gmt":"2025-09-02T21:02:16","guid":{"rendered":"https:\/\/arrelstattoo.com\/?page_id=3384"},"modified":"2025-10-25T23:43:22","modified_gmt":"2025-10-25T23:43:22","slug":"politica-de-privacidad","status":"publish","type":"page","link":"https:\/\/arrelstattoo.com\/en\/politica-de-privacidad\/","title":{"rendered":"Politica de privacidad"},"content":{"rendered":"<figure class=\"wp-block-image aligncenter size-full\"><img loading=\"lazy\" decoding=\"async\" width=\"350\" height=\"141\" src=\"https:\/\/arrelstattoo.com\/wp-content\/uploads\/2025\/10\/logotatuadores.png\" alt=\"\" class=\"wp-image-3668\" srcset=\"https:\/\/arrelstattoo.com\/wp-content\/uploads\/2025\/10\/logotatuadores.png 350w, https:\/\/arrelstattoo.com\/wp-content\/uploads\/2025\/10\/logotatuadores-300x121.png 300w, https:\/\/arrelstattoo.com\/wp-content\/uploads\/2025\/10\/logotatuadores-18x7.png 18w, https:\/\/arrelstattoo.com\/wp-content\/uploads\/2025\/10\/logotatuadores-280x113.png 280w\" sizes=\"auto, (max-width: 350px) 100vw, 350px\" \/><\/figure>\n\n\n<p style=\"text-align: center;\"><span style=\"color: #998148; font-family: Baskerville; font-size: 24px;\"><strong>POL\u00cdTICA DE PRIVACIDAD<\/strong><\/span><\/p>\n<p><span style=\"color: #998148; font-family: Baskerville;\"><strong>1. INFORMACI\u00d3N AL USUARIO<\/strong><\/span><\/p>\n<p><span style=\"color: #998148; font-family: Baskerville;\"><strong>\u00bfQui\u00e9n es el responsable del tratamiento de tus datos personales?<\/strong><\/span><\/p>\n<p style=\"text-align: justify;\"><span style=\"color: #998148; font-family: Baskerville; font-size: 16px;\"><strong>ARRELS TATTO &#8211; Javier de Jes\u00fas Obreg\u00f3n Montiel<\/strong> es el RESPONSABLE del tratamiento de los datos personales del USUARIO y le informa de que estos datos ser\u00e1n tratados de conformidad con lo dispuesto en el Reglamento (UE) 2016\/679, de 27 de abril (GDPR), y la Ley Org\u00e1nica 3\/2018, de 5 de diciembre (LOPDGDD).<\/span><\/p>\n<p><span style=\"color: #998148; font-family: Baskerville;\"><strong>\u00bfPara qu\u00e9 tratamos tus datos personales?<\/strong><\/span><\/p>\n<p data-end=\"390\" data-start=\"284\"><span style=\"color: #998148; font-family: Baskerville; font-size: 16px;\">En <strong data-end=\"304\" data-start=\"287\">Arrels Tattoo<\/strong> tratamos la informaci\u00f3n facilitada por los usuarios con las siguientes finalidades:<\/span><\/p>\n<ul data-end=\"1219\" data-start=\"392\">\n<li data-end=\"563\" data-start=\"392\">\n<p data-end=\"563\" data-start=\"394\"><span style=\"color: #998148; font-family: Baskerville; font-size: 16px;\"><strong data-end=\"429\" data-start=\"394\">Gestionar la relaci\u00f3n comercial<\/strong> derivada de los servicios de tatuaje y piercings, incluyendo citas, presupuestos, facturaci\u00f3n, atenci\u00f3n de consultas e incidencias.<\/span><\/p>\n<\/li>\n<li data-end=\"864\" data-start=\"564\">\n<p data-end=\"864\" data-start=\"566\"><span style=\"color: #998148; font-family: Baskerville; font-size: 16px;\"><strong data-end=\"621\" data-start=\"566\">Remitir comunicaciones informativas y promocionales<\/strong> relacionadas con nuestros servicios, eventos y novedades en el estudio, por cualquier medio de contacto facilitado (correo electr\u00f3nico, redes sociales, mensajer\u00eda instant\u00e1nea, SMS, etc.), siempre con el consentimiento previo del interesado.<\/span><\/p>\n<\/li>\n<li data-end=\"1030\" data-start=\"865\">\n<p data-end=\"1030\" data-start=\"867\"><span style=\"color: #998148; font-family: Baskerville; font-size: 16px;\"><strong data-end=\"943\" data-start=\"867\">Gestionar la publicaci\u00f3n de im\u00e1genes y v\u00eddeos de los trabajos realizados<\/strong> en nuestras redes sociales y web, \u00fanicamente si el usuario lo autoriza expresamente.<\/span><\/p>\n<\/li>\n<li data-end=\"1133\" data-start=\"1031\">\n<p data-end=\"1133\" data-start=\"1033\"><span style=\"color: #998148; font-family: Baskerville; font-size: 16px;\"><strong data-end=\"1069\" data-start=\"1033\">Atender solicitudes y peticiones<\/strong> planteadas a trav\u00e9s de los formularios de contacto de la web.<\/span><\/p>\n<\/li>\n<li data-end=\"1219\" data-start=\"1134\">\n<p data-end=\"1219\" data-start=\"1136\"><span style=\"color: #998148; font-family: Baskerville; font-size: 16px;\"><strong data-end=\"1176\" data-start=\"1136\">Cumplir con las obligaciones legales<\/strong> aplicables en materia fiscal y contable.<\/span><\/p>\n<\/li>\n<\/ul>\n<p><span style=\"color: #998148; font-family: Baskerville;\"><strong>\u00bfPor qu\u00e9 motivo podemos tratar tus datos personales?<\/strong><\/span><\/p>\n<p><span style=\"color: #998148; font-family: Baskerville; font-size: 16px;\">Porque el tratamiento est\u00e1 legitimado por el art\u00edculo 6 del GDPR de la siguiente forma:<\/span><\/p>\n<ul>\n<li style=\"text-align: justify;\"><span style=\"color: #998148; font-family: Baskerville; font-size: 16px;\">Con el consentimiento del USUARIO: remisi\u00f3n de comunicaciones comerciales y del bolet\u00edn informativo.<\/span><\/li>\n<li style=\"text-align: justify;\"><span style=\"color: #998148; font-family: Baskerville; font-size: 16px;\">Por inter\u00e9s leg\u00edtimo del RESPONSABLE: realizar estudios de mercado, an\u00e1lisis estad\u00edsticos, etc. y tramitar encargos, solicitudes, etc. a petici\u00f3n del USUARIO.<\/span><\/li>\n<\/ul>\n<p><span style=\"color: #998148; font-family: Baskerville;\"><strong>\u00bfDurante cu\u00e1nto tiempo guardaremos tus datos personales?<\/strong><\/span><\/p>\n<p style=\"text-align: justify;\"><span style=\"color: #998148; font-family: Baskerville; font-size: 16px;\">Se conservar\u00e1n durante no m\u00e1s tiempo del necesario para mantener el fin del tratamiento o existan prescripciones legales que dictaminen su custodia y cuando ya no sea necesario para ello, se suprimir\u00e1n con medidas de seguridad adecuadas para garantizar la anonimizaci\u00f3n de los datos o la destrucci\u00f3n total de los mismos.<\/span><\/p>\n<p style=\"text-align: justify;\"><span style=\"color: #998148; font-family: Baskerville;\"><strong>\u00bfA qui\u00e9n facilitamos tus datos personales?<\/strong><\/span><\/p>\n<p style=\"text-align: justify;\"><span style=\"color: #998148; font-family: Baskerville; font-size: 16px;\">No est\u00e1 prevista ninguna comunicaci\u00f3n de datos personales a terceros salvo, si fuese necesario para el desarrollo y ejecuci\u00f3n de las finalidades del tratamiento, a nuestros proveedores de servicios relacionados con comunicaciones, con los cuales el RESPONSABLE tiene suscritos los contratos de confidencialidad y de encargado de tratamiento exigidos por la normativa vigente de privacidad.<\/span><\/p>\n<p><span style=\"color: #998148; font-family: Baskerville;\"><strong>\u00bfCu\u00e1les son tus derechos?<\/strong><\/span><\/p>\n<p><span style=\"color: #998148; font-family: Baskerville; font-size: 16px;\">Los derechos que asisten al USUARIO son:<\/span><\/p>\n<ul>\n<li style=\"text-align: justify;\"><span style=\"font-size: 16px; color: #998148; font-family: Baskerville;\">Derecho a retirar el consentimiento en cualquier momento.<\/span><\/li>\n<li style=\"text-align: justify;\"><span style=\"font-size: 16px; color: #998148; font-family: Baskerville;\">Derecho de acceso, rectificaci\u00f3n, portabilidad y supresi\u00f3n de sus datos, y de limitaci\u00f3n u oposici\u00f3n a su tratamiento.<\/span><\/li>\n<li style=\"text-align: justify;\"><span style=\"font-size: 16px; color: #998148; font-family: Baskerville;\">Derecho a presentar una reclamaci\u00f3n ante la autoridad de control (www.aepd.es) si considera que el tratamiento no se ajusta a la normativa vigente.<\/span><\/li>\n<\/ul>\n<p><span style=\"color: #998148; font-family: Baskerville;\"><strong>Datos de contacto para ejercer sus derechos<\/strong>:<\/span><\/p>\n<p><span style=\"color: #998148; font-family: Baskerville; font-size: 16px;\">ARRELS TATTO &#8211; Javier de Jes\u00fas Obreg\u00f3n Montiel. Carrer de Venero, 18 &#8211; 08005 Barcelona (Barcelona). E-mail: arrelstattoo@gmail.com.<\/span><\/p>\n<p><span style=\"color: #998148; font-family: Baskerville;\"><strong>2. CAR\u00c1CTER OBLIGATORIO O FACULTATIVO DE LA INFORMACI\u00d3N FACILITADA POR EL USUARIO<\/strong><\/span><\/p>\n<p style=\"text-align: justify;\"><span style=\"color: #998148; font-family: Baskerville; font-size: 16px;\">Los USUARIOS, mediante la marcaci\u00f3n de las casillas correspondientes y la entrada de datos en los campos, marcados con un asterisco (*) en el formulario de contacto o presentados en formularios de descarga, aceptan expresamente y de forma libre e inequ\u00edvoca, que sus datos son necesarios para atender su petici\u00f3n, por parte del prestador, siendo voluntaria la inclusi\u00f3n de datos en los campos restantes. El USUARIO garantiza que los datos personales facilitados al RESPONSABLE son veraces y se hace responsable de comunicar cualquier modificaci\u00f3n de los mismos.<\/span><\/p>\n<p style=\"text-align: justify;\"><span style=\"color: #998148; font-family: Baskerville; font-size: 16px;\">El RESPONSABLE informa de que todos los datos solicitados a trav\u00e9s del sitio web son obligatorios, ya que son necesarios para la prestaci\u00f3n de un servicio \u00f3ptimo al USUARIO. En caso de que no se faciliten todos los datos, no se garantiza que la informaci\u00f3n y servicios facilitados sean completamente ajustados a sus necesidades.<\/span><\/p>\n<p><span style=\"color: #998148; font-family: Baskerville;\"><strong>3. MEDIDAS DE SEGURIDAD<\/strong><\/span><\/p>\n<p style=\"text-align: justify;\"><span style=\"color: #998148; font-family: Baskerville; font-size: 16px;\">Que de conformidad con lo dispuesto en las normativas vigentes en protecci\u00f3n de datos personales, el RESPONSABLE est\u00e1 cumpliendo con todas las disposiciones de las normativas GDPR y LOPDGDD para el tratamiento de los datos personales de su responsabilidad, y manifiestamente con los principios descritos en el art\u00edculo 5 del GDPR, por los cuales son tratados de manera l\u00edcita, leal y transparente en relaci\u00f3n con el interesado y adecuados, pertinentes y limitados a lo necesario en relaci\u00f3n con los fines para los que son tratados.<\/span><\/p>\n<p style=\"text-align: justify;\"><span style=\"color: #998148; font-family: Baskerville; font-size: 16px;\">El RESPONSABLE garantiza que ha implementado pol\u00edticas t\u00e9cnicas y organizativas apropiadas para aplicar las medidas de seguridad que establecen el GDPR y la LOPDGDD con el fin de proteger los derechos y libertades de los USUARIOS y les ha comunicado la informaci\u00f3n adecuada para que puedan ejercerlos.<\/span><\/p>\n<p><span style=\"color: #998148; font-family: Baskerville;\">Para m\u00e1s informaci\u00f3n sobre las garant\u00edas de privacidad, puedes dirigirte al RESPONSABLE a trav\u00e9s de Javier de Jes\u00fas Obreg\u00f3n Montiel. Carrer de Venero, 18 &#8211; 08005 Barcelona (Barcelona). E-mail: arrelstattoo@gmail.com<\/span><\/p>\n\n\n<figure class=\"wp-block-image aligncenter size-full is-resized\"><img loading=\"lazy\" decoding=\"async\" width=\"125\" height=\"50\" src=\"https:\/\/arrelstattoo.com\/wp-content\/uploads\/2025\/10\/separador.png\" alt=\"\" class=\"wp-image-3477\" style=\"object-fit:cover;width:125px;height:50px\" srcset=\"https:\/\/arrelstattoo.com\/wp-content\/uploads\/2025\/10\/separador.png 125w, https:\/\/arrelstattoo.com\/wp-content\/uploads\/2025\/10\/separador-18x7.png 18w\" sizes=\"auto, (max-width: 125px) 100vw, 125px\" \/><\/figure>\n\n\n\n\n\n\n<\/br><\/br>","protected":false},"excerpt":{"rendered":"<p>POL\u00cdTICA DE PRIVACIDAD 1. INFORMACI\u00d3N AL USUARIO \u00bfQui\u00e9n es el responsable del tratamiento de tus datos personales? ARRELS TATTO &#8211; Javier de Jes\u00fas Obreg\u00f3n Montiel es el RESPONSABLE del tratamiento de los datos personales del USUARIO y le informa de que estos datos ser\u00e1n tratados de conformidad con lo dispuesto en el Reglamento (UE) 2016\/679, [&hellip;]<\/p>\n","protected":false},"author":1,"featured_media":0,"parent":0,"menu_order":0,"comment_status":"closed","ping_status":"closed","template":"","meta":{"_uag_custom_page_level_css":"","site-sidebar-layout":"default","site-content-layout":"","ast-site-content-layout":"default","site-content-style":"default","site-sidebar-style":"default","ast-global-header-display":"disabled","ast-banner-title-visibility":"disabled","ast-main-header-display":"","ast-hfb-above-header-display":"","ast-hfb-below-header-display":"","ast-hfb-mobile-header-display":"","site-post-title":"disabled","ast-breadcrumbs-content":"","ast-featured-img":"","footer-sml-layout":"disabled","theme-transparent-header-meta":"","adv-header-id-meta":"","stick-header-meta":"","header-above-stick-meta":"","header-main-stick-meta":"","header-below-stick-meta":"","astra-migrate-meta-layouts":"set","ast-page-background-enabled":"default","ast-page-background-meta":{"desktop":{"background-color":"","background-image":"","background-repeat":"repeat","background-position":"center center","background-size":"auto","background-attachment":"scroll","background-type":"","background-media":"","overlay-type":"","overlay-color":"","overlay-opacity":"","overlay-gradient":""},"tablet":{"background-color":"","background-image":"","background-repeat":"repeat","background-position":"center center","background-size":"auto","background-attachment":"scroll","background-type":"","background-media":"","overlay-type":"","overlay-color":"","overlay-opacity":"","overlay-gradient":""},"mobile":{"background-color":"","background-image":"","background-repeat":"repeat","background-position":"center center","background-size":"auto","background-attachment":"scroll","background-type":"","background-media":"","overlay-type":"","overlay-color":"","overlay-opacity":"","overlay-gradient":""}},"ast-content-background-meta":{"desktop":{"background-color":"var(--ast-global-color-5)","background-image":"","background-repeat":"repeat","background-position":"center center","background-size":"auto","background-attachment":"scroll","background-type":"","background-media":"","overlay-type":"","overlay-color":"","overlay-opacity":"","overlay-gradient":""},"tablet":{"background-color":"var(--ast-global-color-5)","background-image":"","background-repeat":"repeat","background-position":"center center","background-size":"auto","background-attachment":"scroll","background-type":"","background-media":"","overlay-type":"","overlay-color":"","overlay-opacity":"","overlay-gradient":""},"mobile":{"background-color":"var(--ast-global-color-5)","background-image":"","background-repeat":"repeat","background-position":"center center","background-size":"auto","background-attachment":"scroll","background-type":"","background-media":"","overlay-type":"","overlay-color":"","overlay-opacity":"","overlay-gradient":""}},"footnotes":""},"class_list":["post-3384","page","type-page","status-publish","hentry"],"uagb_featured_image_src":{"full":false,"thumbnail":false,"medium":false,"medium_large":false,"large":false,"1536x1536":false,"2048x2048":false,"trp-custom-language-flag":false},"uagb_author_info":{"display_name":"gableiva@hotmail.com","author_link":"https:\/\/arrelstattoo.com\/en\/author\/gableivahotmail-com\/"},"uagb_comment_info":0,"uagb_excerpt":"POL\u00cdTICA DE PRIVACIDAD 1. INFORMACI\u00d3N AL USUARIO \u00bfQui\u00e9n es el responsable del tratamiento de tus datos personales? ARRELS TATTO &#8211; Javier de Jes\u00fas Obreg\u00f3n Montiel es el RESPONSABLE del tratamiento de los datos personales del USUARIO y le informa de que estos datos ser\u00e1n tratados de conformidad con lo dispuesto en el Reglamento (UE) 2016\/679,&hellip;","_links":{"self":[{"href":"https:\/\/arrelstattoo.com\/en\/wp-json\/wp\/v2\/pages\/3384","targetHints":{"allow":["GET"]}}],"collection":[{"href":"https:\/\/arrelstattoo.com\/en\/wp-json\/wp\/v2\/pages"}],"about":[{"href":"https:\/\/arrelstattoo.com\/en\/wp-json\/wp\/v2\/types\/page"}],"author":[{"embeddable":true,"href":"https:\/\/arrelstattoo.com\/en\/wp-json\/wp\/v2\/users\/1"}],"replies":[{"embeddable":true,"href":"https:\/\/arrelstattoo.com\/en\/wp-json\/wp\/v2\/comments?post=3384"}],"version-history":[{"count":0,"href":"https:\/\/arrelstattoo.com\/en\/wp-json\/wp\/v2\/pages\/3384\/revisions"}],"wp:attachment":[{"href":"https:\/\/arrelstattoo.com\/en\/wp-json\/wp\/v2\/media?parent=3384"}],"curies":[{"name":"wp","href":"https:\/\/api.w.org\/{rel}","templated":true}]}}